{"id":121,"date":"2018-06-10T17:33:47","date_gmt":"2018-06-10T16:33:47","guid":{"rendered":"http:\/\/tux-im-eis.de\/cmstie\/?page_id=121"},"modified":"2018-06-10T17:34:27","modified_gmt":"2018-06-10T16:34:27","slug":"impressum","status":"publish","type":"page","link":"https:\/\/tux-im-eis.de\/cmstie\/?page_id=121","title":{"rendered":"Impressum"},"content":{"rendered":"<p>Dietmar Thomas<\/p>\n<p>Immelmannstr. 26<\/p>\n<p>31137 Hildesheim<\/p>\n<p>&nbsp;<\/p>\n<p><strong>Datenschutzerkl\u00e4rung<\/strong><\/p>\n<p>I. Name und Anschrift des Verantwortlichen<\/p>\n<p>Vertretungsberechtigt<br \/>\nD Thomas\u2028 -Immelmannstsr. 26\u2028 &#8211; 31137 Hildesheim<\/p>\n<p>E-Mail: dgsvo-tuie(at)pinguingruppe.de<\/p>\n<p>II. Name und Anschrift des Datenschutzbeauftragten<br \/>\nDie Datenschutzbeauftragte ist:\u2028D Thomas\u2028 Joseph-Hollmannstraat 11a\u2028 NL-6217KW Maastricht\u2028 Niederlande\u2028\u2028 E-Mail: datenschutz@tux-im-eis.de<\/p>\n<p>III. Bereitstellung der Website und Erstellung von Logfiles<\/p>\n<p>Bei jedem Aufruf unserer Internetseite erfasst unser System automatisiert Daten und Informationen vom Computersystem des aufrufenden Rechners. Folgende Daten werden hierbei erhoben:<\/p>\n<p>(1) Datum und Uhrzeit des Zugriffes<br \/>\n(2) Vom System protokollierte Fehler beim Aufruf unserer Seiten<br \/>\n(3) Die IP-Adresse des Nutzers<br \/>\n(4) Die Betriebssystemversion des Nutzers<br \/>\n(5) Der Browsertyp des Nutzers<br \/>\n(6) Die vom Nutzer aufgerufene Seite<br \/>\n(7) Die Weiterleitung auf eine externe Seite<\/p>\n<p>Die Daten werden in den Logfiles gespeichert. Eine Speicherung dieser Daten zusammen mit anderen personenbezogenen Daten des Nutzers findet nicht statt. Zweck der Datenspeicherung ist technische Optimierung unserer Internetseite. Rechtsgrundlage f\u00fcr die vor\u00fcbergehende Speicherung der Daten ist Art. 6 Abs.1 lit.f DSGVO.<\/p>\n<p>Die Daten werden f\u00fcr 52 Wochen gespeichert, sie werden lediglich statistisch ausgewertet. Danach werden sie gel\u00f6scht.<\/p>\n<ol>\n<li>Verwendung von Cookies<br \/>\nBeim Anmelden in WordPress werden Cookies eingerichtet, um die Anmeldeinformationen und Anzeigeoptionen zu speichern. Anmelde-Cookies verfallen nach zwei Tagen und Cookies f\u00fcr die Anzeigeoptionen nach einem Jahr. Falls Sie bei der Anmeldung \u201eAngemeldet bleiben\u201c ausgew\u00e4hlt haben, wird Ihre Anmeldung zwei Wochen lang aufrechterhalten. Mit der Abmeldung aus Ihrem Konto werden die Anmelde-Cookies gel\u00f6scht.<\/li>\n<li>Speicherung personenbezogener Daten bei Kontaktaufnahme<br \/>\nSofern Sie per E-Mail den Kontakt mit uns aufnehmen, werden die von Ihnen \u00fcbermittelten personenbezogenen Daten automatisch gespeichert. Diese Daten werden f\u00fcr Zwecke der Bearbeitung Ihres Anliegens und der Kontaktaufnahme mit Ihnen gespeichert.<\/li>\n<\/ol>\n<p>Wenn Sie Gebrauch von unserem Kontaktformular machen, werden die folgenden personenbezogenen Daten von Ihnen gespeichert: Ihr Name, Ihre Anschrift, Ihre E-Mail-Adresse.<\/p>\n<p>Die L\u00f6schung der Daten erfolgt, sobald deren Speicherung f\u00fcr die Bearbeitung Ihres Anliegens nicht mehr erforderlich ist.<\/p>\n<ol>\n<li>Kontaktformulare<br \/>\nWenn Sie einen Kommentar auf unserer Website schreiben, kann das eine Einwilligung sein, Ihren Namen, E-Mailadresse und Website in Cookies zu speichern. Dies ist eine Komfortfunktion, damit Sie nicht, wenn Sie einen weiteren Kommentar schreiben, all diese Daten erneut eingeben m\u00fcssen. Diese Cookies werden ein Jahr lang gespeichert.<\/li>\n<\/ol>\n<p>VIII. Medien<br \/>\nWenn Sie ein registrierter Benutzer sind und Fotos auf diese Website laden, sollten Sie vermeiden Fotos mit einer EXIF-GPS-Standort hochzuladen. Besucher dieser Website k\u00f6nnten Fotos, die auf dieser Website gespeichert sind, herunterladen und deren Standort-Informationen extrahieren.<\/p>\n<ol>\n<li>Eingebettete Inhalte von anderen Websites\u2028Beitr\u00e4ge auf dieser Website k\u00f6nnen eingebettete Inhalte beinhalten (z. B. Videos, Bilder, Beitr\u00e4ge etc.). Eingebettete Inhalte von anderen Websites verhalten sich exakt so, als ob der Besucher die andere Website besucht h\u00e4tte.\u2028Diese Websites k\u00f6nnen Daten \u00fcber Sie sammeln, Cookies benutzen, zus\u00e4tzliche Tracking-Dienste von Dritten einbetten und Ihre Interaktion mit diesem eingebetteten Inhalt aufzeichnen, inklusive Ihrer Interaktion mit dem eingebetteten Inhalt, falls Sie ein Konto haben und auf dieser Website angemeldet sind.\u201c<\/li>\n<\/ol>\n<p>VII. Betroffenenrechte\u2028Sie k\u00f6nnen folgende Rechte geltend machen:<\/p>\n<ul>\n<li>Auskunft<br \/>\nGem. Art. 15 DSGVO haben Sie das Recht, Auskunft \u00fcber die von uns verarbeiteten personenbezogenen Daten zu erhalten.<\/li>\n<li>Berichtigung<br \/>\nSind bei uns gespeicherte personenbezogene Daten unrichtig oder unvollst\u00e4ndig, haben Sie gem. Art. 16 DSGVO das Recht, diese berichtigen bzw. vervollst\u00e4ndigen zu lassen.<\/li>\n<li>L\u00f6schung<br \/>\nArt. 17 DSGVO normiert das Recht auf L\u00f6schung personenbezogener Daten. Dieses Recht steht Ihnen insbesondere dann zu, wenn die Speicherung der personenbezogenen Daten zur Erf\u00fcllung unserer gesetzlichen Aufgaben nicht mehr erforderlich ist oder Sie Ihre Einwilligung zur Datenverarbeitung mit Wirkung f\u00fcr die Zukunft widerrufen haben.<\/li>\n<li>Einschr\u00e4nkung der Verarbeitung<br \/>\nGem. Art. 18 DSGVO k\u00f6nnen Sie die Einschr\u00e4nkung der personenbezogenen Daten verlangen, wenn\u2028\u2013 die Richtigkeit der Daten von Ihnen bestritten wird\u2028\u2013 die Verarbeitung unrechtm\u00e4\u00dfig ist, Sie aber deren L\u00f6schung ablehnen\u2028\u2013 wir die Daten nicht mehr ben\u00f6tigen, Sie jedoch diese zur Geltendmachung, Aus\u00fcbung oder Verteidigung von Rechtsanspr\u00fcchen ben\u00f6tigen\u2028\u2013 oder Sie gem\u00e4\u00df Art. 21 DSGVO Widerspruch gegen die Verarbeitung eingelegt haben<\/li>\n<li>Widerspruch<br \/>\nSie k\u00f6nnen bei Gr\u00fcnden, die sich aus Ihrer besonderen Situation ergeben, ein Widerspruchsrecht geltend machen. Gem. Art. 21 DSGVO ist jedoch zu ber\u00fccksichtigten, ob schutzw\u00fcrdige Gr\u00fcnde f\u00fcr die Verarbeitung vorliegen oder die Verarbeitung der Geltendmachung, Aus\u00fcbung oder Verteidigung von Rechtsanspr\u00fcchen dient.<\/li>\n<li>Daten\u00fcbertragbarkeit<br \/>\nIst die Verarbeitung Ihrer Daten mit Hilfe eines automatisierten Verfahrens erfolgt, haben Sie gem. Art. 20 DSGVO das Recht, die Daten in einem g\u00e4ngigen und maschinenlesbaren Format zu erhalten.<\/li>\n<li>Widerruf der Einwilligung<br \/>\nSie haben gem. Art. 7 Absatz 3 DSGVO das Recht, uns erteilte Einwilligungen jederzeit mit Wirkung f\u00fcr die Zukunft zu widerrufen.<\/li>\n<\/ul>\n","protected":false},"excerpt":{"rendered":"<p>Dietmar Thomas Immelmannstr. 26 31137 Hildesheim &nbsp; Datenschutzerkl\u00e4rung I. Name und Anschrift des Verantwortlichen Vertretungsberechtigt D Thomas\u2028 -Immelmannstsr. 26\u2028 &#8211; 31137 Hildesheim E-Mail: dgsvo-tuie(at)pinguingruppe.de II. Name und Anschrift des Datenschutzbeauftragten Die Datenschutzbeauftragte ist:\u2028D Thomas\u2028 Joseph-Hollmannstraat 11a\u2028 NL-6217KW Maastricht\u2028 Niederlande\u2028\u2028 E-Mail: &hellip; <a href=\"https:\/\/tux-im-eis.de\/cmstie\/?page_id=121\">Weiterlesen <span class=\"meta-nav\">&rarr;<\/span><\/a><\/p>\n","protected":false},"author":1,"featured_media":0,"parent":0,"menu_order":0,"comment_status":"closed","ping_status":"closed","template":"","meta":{"footnotes":""},"_links":{"self":[{"href":"https:\/\/tux-im-eis.de\/cmstie\/index.php?rest_route=\/wp\/v2\/pages\/121"}],"collection":[{"href":"https:\/\/tux-im-eis.de\/cmstie\/index.php?rest_route=\/wp\/v2\/pages"}],"about":[{"href":"https:\/\/tux-im-eis.de\/cmstie\/index.php?rest_route=\/wp\/v2\/types\/page"}],"author":[{"embeddable":true,"href":"https:\/\/tux-im-eis.de\/cmstie\/index.php?rest_route=\/wp\/v2\/users\/1"}],"replies":[{"embeddable":true,"href":"https:\/\/tux-im-eis.de\/cmstie\/index.php?rest_route=%2Fwp%2Fv2%2Fcomments&post=121"}],"version-history":[{"count":2,"href":"https:\/\/tux-im-eis.de\/cmstie\/index.php?rest_route=\/wp\/v2\/pages\/121\/revisions"}],"predecessor-version":[{"id":123,"href":"https:\/\/tux-im-eis.de\/cmstie\/index.php?rest_route=\/wp\/v2\/pages\/121\/revisions\/123"}],"wp:attachment":[{"href":"https:\/\/tux-im-eis.de\/cmstie\/index.php?rest_route=%2Fwp%2Fv2%2Fmedia&parent=121"}],"curies":[{"name":"wp","href":"https:\/\/api.w.org\/{rel}","templated":true}]}}